{"id":345,"date":"2019-01-21T17:56:59","date_gmt":"2019-01-21T16:56:59","guid":{"rendered":"https:\/\/helgesen-maskin.liveserver.no\/?page_id=345"},"modified":"2019-02-02T10:55:16","modified_gmt":"2019-02-02T09:55:16","slug":"hjem","status":"publish","type":"page","link":"https:\/\/helgesen-maskin.liveserver.no\/","title":{"rendered":"Hjem"},"content":{"rendered":"<p>[et_pb_section fb_built=&raquo;1&#8243; module_class=&raquo;hero-header&raquo; _builder_version=&raquo;3.17.4&#8243; background_image=&raquo;https:\/\/helgesen-maskin.liveserver.no\/wp-content\/uploads\/2019\/01\/header4.jpg&raquo;][et_pb_row _builder_version=&raquo;3.0.48&#8243; background_size=&raquo;initial&raquo; background_position=&raquo;top_left&raquo; background_repeat=&raquo;repeat&raquo;][et_pb_column type=&raquo;4_4&#8243; _builder_version=&raquo;3.0.47&#8243; parallax=&raquo;off&raquo; parallax_method=&raquo;on&raquo;][et_pb_text admin_label=&raquo;Slagord&raquo; _builder_version=&raquo;3.17.4&#8243; text_orientation=&raquo;center&raquo;]<\/p>\n<h1>Leiebiler til bedrifter<\/h1>\n<p>Helgesen Maskin AS har bilene du trenger for \u00e5 l\u00f8se alle slags oppdrag over hele landet. Velg fra en stor bilpark med god standard!<\/p>\n<p>[\/et_pb_text][\/et_pb_column][\/et_pb_row][\/et_pb_section][et_pb_section fb_built=&raquo;1&#8243; module_id=&raquo;regelmessig-elsjekk&raquo; _builder_version=&raquo;3.17.4&#8243;][et_pb_row _builder_version=&raquo;3.17.4&#8243;][et_pb_column type=&raquo;2_3&#8243; _builder_version=&raquo;3.0.47&#8243; parallax=&raquo;off&raquo; parallax_method=&raquo;on&raquo;][et_pb_text _builder_version=&raquo;3.17.4&#8243;]<\/p>\n<h2>Langtidsutleie av biler til bedrifter<\/h2>\n<p>Vi har bilene du trenger for \u00e5 f\u00e5 jobben gjort. I Helgesen Maskin AS har vi en versatil og moderne bilpark, som er klar for \u00e5 l\u00f8se dine bilbehov.<\/p>\n<p>Hos oss f\u00e5r du alt fra personbiler, varebiler, minibusser og pick-up trucker. V\u00e5rt fokus er langtidsleie til bedrifter, og vi dekker hele landet. Flere av v\u00e5re kunder er bedrifter som har f\u00e5tt tilslag p\u00e5 anbud eller tidsbegrensede oppdrag.<\/p>\n<p>Ved \u00e5 leie bil fra Helgesen Maskin AS f\u00e5r du bilene du trenger, i den perioden du trenger dem. Dersom arbeidets art endrer seg, kan bilene byttes inn til mer passende kj\u00f8ret\u00f8y underveis. Alt dette til en konkurransedyktig pris!<\/p>\n<p>[\/et_pb_text][\/et_pb_column][et_pb_column type=&raquo;1_3&#8243; _builder_version=&raquo;3.0.47&#8243; parallax=&raquo;off&raquo; parallax_method=&raquo;on&raquo;][et_pb_code admin_label=&raquo;Kontaktskjema&raquo; module_class=&raquo;cta-wrap&raquo; _builder_version=&raquo;3.17.4&#8243;][contact-form-7 id=&raquo;344&#8243; title=&raquo;Bestill leiebil&raquo;][\/et_pb_code][\/et_pb_column][\/et_pb_row][\/et_pb_section][et_pb_section fb_built=&raquo;1&#8243; module_id=&raquo;regelmessig-elsjekk&raquo; _builder_version=&raquo;3.17.4&#8243; background_color=&raquo;#f5f5f5&#8243;][et_pb_row _builder_version=&raquo;3.0.48&#8243; background_size=&raquo;initial&raquo; background_position=&raquo;top_left&raquo; background_repeat=&raquo;repeat&raquo;][et_pb_column type=&raquo;1_3&#8243; _builder_version=&raquo;3.0.47&#8243; parallax=&raquo;off&raquo; parallax_method=&raquo;on&raquo;][et_pb_blurb title=&raquo;Trygghet&raquo; use_icon=&raquo;on&raquo; font_icon=&raquo;%%45%%&raquo; icon_color=&raquo;#5eb6e0&#8243; use_circle=&raquo;on&raquo; circle_color=&raquo;#f5f5f5&#8243; use_circle_border=&raquo;on&raquo; circle_border_color=&raquo;#5eb6e0&#8243; _builder_version=&raquo;3.17.4&#8243; text_orientation=&raquo;center&raquo;]<\/p>\n<p>Du skal v\u00e6re trygg p\u00e5 at vi leverer riktig bil til riktig tid og til riktig pris.<\/p>\n<p>[\/et_pb_blurb][\/et_pb_column][et_pb_column type=&raquo;1_3&#8243; _builder_version=&raquo;3.0.47&#8243; parallax=&raquo;off&raquo; parallax_method=&raquo;on&raquo;][et_pb_blurb title=&raquo;Kvalitet&raquo; use_icon=&raquo;on&raquo; font_icon=&raquo;%%169%%&raquo; icon_color=&raquo;#5eb6e0&#8243; use_circle=&raquo;on&raquo; circle_color=&raquo;#f5f5f5&#8243; use_circle_border=&raquo;on&raquo; circle_border_color=&raquo;#5eb6e0&#8243; _builder_version=&raquo;3.17.4&#8243; text_orientation=&raquo;center&raquo;]<\/p>\n<p>Vi har fullt fokus p\u00e5 \u00e5 levere kvalitet i alle ledd, fra A til \u00c5.<\/p>\n<p>[\/et_pb_blurb][\/et_pb_column][et_pb_column type=&raquo;1_3&#8243; _builder_version=&raquo;3.0.47&#8243; parallax=&raquo;off&raquo; parallax_method=&raquo;on&raquo;][et_pb_blurb title=&raquo;Service&raquo; use_icon=&raquo;on&raquo; font_icon=&raquo;%%45%%&raquo; icon_color=&raquo;#5eb6e0&#8243; use_circle=&raquo;on&raquo; circle_color=&raquo;#f5f5f5&#8243; use_circle_border=&raquo;on&raquo; circle_border_color=&raquo;#5eb6e0&#8243; _builder_version=&raquo;3.17.4&#8243; text_orientation=&raquo;center&raquo;]<\/p>\n<p>Vi legger stolthet i \u00e5 yte topp service til alle v\u00e5re kunder.<\/p>\n<p>[\/et_pb_blurb][\/et_pb_column][\/et_pb_row][\/et_pb_section][et_pb_section fb_built=&raquo;1&#8243; module_id=&raquo;hvordan&raquo; _builder_version=&raquo;3.17.4&#8243;][et_pb_row _builder_version=&raquo;3.0.48&#8243; background_size=&raquo;initial&raquo; background_position=&raquo;top_left&raquo; background_repeat=&raquo;repeat&raquo;][et_pb_column type=&raquo;2_3&#8243; _builder_version=&raquo;3.0.47&#8243; parallax=&raquo;off&raquo; parallax_method=&raquo;on&raquo;][et_pb_text _builder_version=&raquo;3.17.4&#8243;]<\/p>\n<h2>Bytt bil n\u00e5r du vil<\/h2>\n<p><strong>Hos oss kan du bytte bil n\u00e5r du vil, uten ekstraavgift.<\/strong><\/p>\n<p>I mange prosjekter har man behov for en type bil i de tidligste fasene, mens man gjerne har behov for en annen type i sluttfasene.<\/p>\n<p>I stedet for \u00e5 betale for to biler samtidig kan man f\u00e5 byttet bilen til noe som passer jobben som skal gj\u00f8res. Dette gj\u00f8r at v\u00e5re kunder til enhver tid har riktig bil til jobben, uten \u00e5 m\u00e5tte betale for biler som ikke er i bruk.<br \/>\n[\/et_pb_text][et_pb_button button_url=&raquo;#cta-form-wrap&raquo; button_text=&raquo;Bestill leiebil&raquo; module_class=&raquo;cta-btn&raquo; _builder_version=&raquo;3.17.4&#8243; custom_button=&raquo;on&raquo; button_text_color=&raquo;#b93d3d&raquo; button_border_color=&raquo;#b93d3d&raquo; custom_margin=&raquo;||10px|&raquo;][\/et_pb_button][\/et_pb_column][et_pb_column type=&raquo;1_3&#8243; _builder_version=&raquo;3.0.47&#8243; parallax=&raquo;off&raquo; parallax_method=&raquo;on&raquo;][et_pb_image src=&raquo;https:\/\/helgesen-maskin.liveserver.no\/wp-content\/uploads\/2019\/01\/1.jpg&raquo; _builder_version=&raquo;3.17.4&#8243;][\/et_pb_image][\/et_pb_column][\/et_pb_row][\/et_pb_section][et_pb_section fb_built=&raquo;1&#8243; module_id=&raquo;trygghet&raquo; _builder_version=&raquo;3.17.4&#8243; background_color=&raquo;#f5f5f5&#8243;][et_pb_row _builder_version=&raquo;3.0.48&#8243; background_size=&raquo;initial&raquo; background_position=&raquo;top_left&raquo; background_repeat=&raquo;repeat&raquo;][et_pb_column type=&raquo;1_2&#8243; _builder_version=&raquo;3.0.47&#8243; parallax=&raquo;off&raquo; parallax_method=&raquo;on&raquo;][et_pb_text _builder_version=&raquo;3.17.4&#8243;]<\/p>\n<h2>Billigere enn \u00e5 eie<\/h2>\n<p>Et stort sp\u00f8rsm\u00e5l n\u00e5r det gjelder bilhold er om man skal leie eller eie. Dersom du velger \u00e5 kj\u00f8pe biler er du n\u00f8dt til \u00e5 ta h\u00f8yde for alle bilbehov gjennom arbeidsperioden. Det kan v\u00e6re krevende \u00e5 f\u00e5 p\u00e5 plass alle kj\u00f8ret\u00f8y til jobben. I tillegg m\u00e5 du ta deg av eventuelle reparasjoner og videresalg.<\/p>\n<p><strong>N\u00e5r du leier bil hos Helgesen Maskin AS er du sikret et problemfritt bilhold i leieperioden.<\/strong> Vi har biler i god stand, som dekker dine behov. Skulle det oppst\u00e5 andre behov i perioden bytter vi bilen til en som passer deg bedre. Ikke bare er det enklere, det er ogs\u00e5 billigere!<\/p>\n<p>[\/et_pb_text][et_pb_button button_url=&raquo;#cta-form-wrap&raquo; button_text=&raquo;Bestill leiebil&raquo; module_class=&raquo;cta-btn&raquo; _builder_version=&raquo;3.17.4&#8243; custom_button=&raquo;on&raquo; button_text_color=&raquo;#b93d3d&raquo; button_border_color=&raquo;#b93d3d&raquo; custom_margin=&raquo;||10px|&raquo;][\/et_pb_button][\/et_pb_column][et_pb_column type=&raquo;1_2&#8243; _builder_version=&raquo;3.0.47&#8243; parallax=&raquo;off&raquo; parallax_method=&raquo;on&raquo;][et_pb_image src=&raquo;https:\/\/helgesen-maskin.liveserver.no\/wp-content\/uploads\/2019\/01\/2.jpg&raquo; _builder_version=&raquo;3.17.4&#8243;][\/et_pb_image][\/et_pb_column][\/et_pb_row][\/et_pb_section]<\/p>\n","protected":false},"excerpt":{"rendered":"<p>Leiebiler til bedrifter Helgesen Maskin AS har bilene du trenger for \u00e5 l\u00f8se alle slags oppdrag over hele landet. Velg fra en stor bilpark med god standard!Langtidsutleie av biler til bedrifter Vi har bilene du trenger for \u00e5 f\u00e5 jobben gjort. I Helgesen Maskin AS har vi en versatil og moderne bilpark, som er klar [&hellip;]<\/p>\n","protected":false},"author":1,"featured_media":0,"parent":0,"menu_order":0,"comment_status":"closed","ping_status":"closed","template":"","meta":{"_et_pb_use_builder":"on","_et_pb_old_content":"","_et_gb_content_width":"","footnotes":""},"class_list":["post-345","page","type-page","status-publish","hentry"],"_links":{"self":[{"href":"https:\/\/helgesen-maskin.liveserver.no\/index.php\/wp-json\/wp\/v2\/pages\/345","targetHints":{"allow":["GET"]}}],"collection":[{"href":"https:\/\/helgesen-maskin.liveserver.no\/index.php\/wp-json\/wp\/v2\/pages"}],"about":[{"href":"https:\/\/helgesen-maskin.liveserver.no\/index.php\/wp-json\/wp\/v2\/types\/page"}],"author":[{"embeddable":true,"href":"https:\/\/helgesen-maskin.liveserver.no\/index.php\/wp-json\/wp\/v2\/users\/1"}],"replies":[{"embeddable":true,"href":"https:\/\/helgesen-maskin.liveserver.no\/index.php\/wp-json\/wp\/v2\/comments?post=345"}],"version-history":[{"count":26,"href":"https:\/\/helgesen-maskin.liveserver.no\/index.php\/wp-json\/wp\/v2\/pages\/345\/revisions"}],"predecessor-version":[{"id":387,"href":"https:\/\/helgesen-maskin.liveserver.no\/index.php\/wp-json\/wp\/v2\/pages\/345\/revisions\/387"}],"wp:attachment":[{"href":"https:\/\/helgesen-maskin.liveserver.no\/index.php\/wp-json\/wp\/v2\/media?parent=345"}],"curies":[{"name":"wp","href":"https:\/\/api.w.org\/{rel}","templated":true}]}}